{"id":566,"date":"2022-06-02T13:14:12","date_gmt":"2022-06-02T13:14:12","guid":{"rendered":"http:\/\/fastwpdemo.com\/newwp\/udrive\/?page_id=566"},"modified":"2026-03-26T10:17:06","modified_gmt":"2026-03-26T10:17:06","slug":"contact","status":"publish","type":"page","link":"https:\/\/dulicsekautosiskola.hu\/index.php\/contact\/","title":{"rendered":"El\u00e9rhet\u0151s\u00e9geink"},"content":{"rendered":"\t\t<div data-elementor-type=\"wp-page\" data-elementor-id=\"566\" class=\"elementor elementor-566\" data-elementor-post-type=\"page\">\n\t\t\t\t\t\t<section class=\"elementor-section elementor-top-section elementor-element elementor-element-e4516bd elementor-section-full_width elementor-section-height-default elementor-section-height-default\" data-id=\"e4516bd\" data-element_type=\"section\">\n\t\t\t\t\t\t<div class=\"elementor-container elementor-column-gap-default\">\n\t\t\t\t\t<div class=\"elementor-column elementor-col-100 elementor-top-column elementor-element elementor-element-06bb474\" data-id=\"06bb474\" data-element_type=\"column\">\n\t\t\t<div class=\"elementor-widget-wrap elementor-element-populated\">\n\t\t\t\t\t\t<div class=\"elementor-element elementor-element-6755270 elementor-widget elementor-widget-udrive_contact_us\" data-id=\"6755270\" data-element_type=\"widget\" data-widget_type=\"udrive_contact_us.default\">\n\t\t\t\t<div class=\"elementor-widget-container\">\n\t\t\t\t\t\n       \n        <!-- contact-section -->\n        <section class=\"contact-section\">\n                        <div class=\"shape\" style=\"background-image: url(https:\/\/dulicsekautosiskola.hu\/wp-content\/themes\/udrive\/assets\/images\/shape\/shape-5.png);\"><\/div>\n                        <div class=\"auto-container\">\n                <div class=\"inner-container\">\n                    <div class=\"row clearfix\">\n                        <div class=\"col-lg-5 col-md-12 col-sm-12 inner-column\">\n                           \t                            <div class=\"inner-box\" style=\"background-image: url(https:\/\/dulicsekautosiskola.hu\/wp-content\/uploads\/2024\/10\/nyitvatartas.jpg);\">\n                                <div class=\"inner\">\n                                                                         <div class=\"single-item\">\n                                        <div class=\"icon-box\"><img decoding=\"async\" src=\"https:\/\/dulicsekautosiskola.hu\/wp-content\/uploads\/2022\/06\/icon-53.png\" alt=\"Awesome Image\"><\/div>\n                                        <h4>Kiskunf\u00e9legyh\u00e1za<\/h4>\n                                        <p>Oskola u.\n<br> Nyitvatart\u00e1s: H-P: 8-16 \u00f3ra<\/p>\n                                    <\/div>\n                                                                        <div class=\"single-item\">\n                                        <div class=\"icon-box\"><img decoding=\"async\" src=\"https:\/\/dulicsekautosiskola.hu\/wp-content\/uploads\/2022\/06\/icon-53.png\" alt=\"Awesome Image\"><\/div>\n                                        <h4>Kecskem\u00e9t<\/h4>\n                                        <p>Csongr\u00e1di utca 5.\n<br> Nyitvatart\u00e1s: H-SZ-P: 13-17 \u00f3ra<\/p>\n                                    <\/div>\n                                                                        <div class=\"single-item\">\n                                        <div class=\"icon-box\"><img decoding=\"async\" src=\"https:\/\/dulicsekautosiskola.hu\/wp-content\/uploads\/2022\/06\/icon-54.png\" alt=\"Awesome Image\"><\/div>\n                                        <h4>El\u00e9rhet\u0151s\u00e9geink:<\/h4>\n                                        <p>Irod\u00e1inkban szem\u00e9lyesen\n<br>vagy telefonon: +36203204172\n<br>illetve emailben: dulicsekautosiskola@gmail.com<\/p>\n                                    <\/div>\n                                                                    <\/div>\n                                <ul class=\"social-links clearfix\">\n                                                                        <li><a href=\"https:\/\/www.facebook.com\/dulicsek\"><i class=\"fab fa-facebook-f\"><\/i><\/a><\/li>\n                                                                        <li><a href=\"https:\/\/www.instagram.com\/dulicsekautosiskola\"><i class=\"fab fa-instagram\"><\/i><\/a><\/li>\n                                                                        <li><a href=\"https:\/\/www.youtube.com\/duliee\"><i class=\"fab fa-youtube\"><\/i><\/a><\/li>\n                                                                        <li><a href=\"https:\/\/www.tiktok.com\/dulisuli\"><i class=\"fab icon flaticon-link\"><\/i><\/a><\/li>\n                                                                    <\/ul>\n                            <\/div>\n                                                    <\/div>\n                        <div class=\"col-lg-7 col-md-12 col-sm-12 form-column\">\n                            <div class=\"form-inner\">\n                                                                <div class=\"sec-title light\">\n                                    <h2>K\u00f6vess minket a k\u00f6z\u00f6ss\u00e9gi m\u00e9di\u00e1ban is!<\/h2>                                     <p>Megtal\u00e1lhat\u00f3ak vagyunk Facebook-on, Instagram-on, Youtube-on \u00e9s TikTok-on is!\n\n\n<\/p>                                 <\/div>\n                                                                \n\t\t\t\t\t\t\t\t                               \t \t<style>a.wprev-google-wr-a {background: #0a6cff !important;}a.wprev-google-wr-a:hover {background: #0a6cffde !important;}.wprev-google-place {background: #ffffff !important;border-radius:0px !important;}.wprev-google-place {box-shadow: rgba(0, 0, 0, .08) 2px 2px 3px 0px !important;}img.sprev-google-left-src {min-width: 50px !important;min-height: 50px !important;}<\/style><div class=\"wprev_outer_wb\"><div class=\"wprev_badge_div badgeleft\"><div class=\"wprev-google-place\"><div class=\"wprev-google-left \"><img decoding=\"async\" class=\"sprev-google-left-src\" src=\"https:\/\/dulicsekautosiskola.hu\/wp-content\/plugins\/wp-google-places-review-slider\/public\/partials\/imgs\/google-my-business-icon-300x300.png\" alt=\"\" width=\"50\" height=\"50\" title=\"\"><\/div><div class=\"wprev-google-right\"><div class=\"wprev-google-name \"><a href=\"https:\/\/search.google.com\/local\/reviews?placeid=ChIJ0ySmJcbrQ0cRyZ02lvwS9rc\" target=\"_blank\" rel=\"nofollow noopener\"><span class=\"wprev-businessname\"><\/span><\/a><\/div><div class=\"wprevstardiv\"><span class=\"wprev-google-rating\">4.5<\/span><span class=\"wprevpro_star_imgs_T1\"><span class=\"starloc1 wprevpro_star_imgs wprevpro_star_imgsloc1\"><span class=\"svgicons svg-wprsp-star\"><\/span><span class=\"svgicons svg-wprsp-star\"><\/span><span class=\"svgicons svg-wprsp-star\"><\/span><span class=\"svgicons svg-wprsp-star\"><\/span><span class=\"svgicons svg-wprsp-star\"><\/span><\/span><\/span><\/div><div class=\"wprev-google-basedon \">Based on <span class=\"wprev_btot\">46<\/span> reviews<\/div><div class=\"wprev-google-powered \"><img decoding=\"async\" class=\"wprev-google-powered-img\" src=\"https:\/\/dulicsekautosiskola.hu\/wp-content\/plugins\/wp-google-places-review-slider\/public\/partials\/imgs\/poweredbygooglew.png\" alt=\"powered by Google\" width=\"144\" height=\"18\" title=\"powered by Google\"><\/div><div class=\"wprev-google-wr \"><a class=\"wprev-google-wr-a\" target=\"_blank\" rel=\"nofollow noopener\" href=\"https:\/\/search.google.com\/local\/writereview?placeid=ChIJ0ySmJcbrQ0cRyZ02lvwS9rc\" onclick=\"\">Review us on <svg viewBox=\"0 0 512 512\" height=\"18\" width=\"18\"><g fill=\"none\" fill-rule=\"evenodd\"><path d=\"M482.56 261.36c0-16.73-1.5-32.83-4.29-48.27H256v91.29h127.01c-5.47 29.5-22.1 54.49-47.09 71.23v59.21h76.27c44.63-41.09 70.37-101.59 70.37-173.46z\" fill=\"#4285f4\"><\/path><path d=\"M256 492c63.72 0 117.14-21.13 156.19-57.18l-76.27-59.21c-21.13 14.16-48.17 22.53-79.92 22.53-61.47 0-113.49-41.51-132.05-97.3H45.1v61.15c38.83 77.13 118.64 130.01 210.9 130.01z\" fill=\"#34a853\"><\/path><path d=\"M123.95 300.84c-4.72-14.16-7.4-29.29-7.4-44.84s2.68-30.68 7.4-44.84V150.01H45.1C29.12 181.87 20 217.92 20 256c0 38.08 9.12 74.13 25.1 105.99l78.85-61.15z\" fill=\"#fbbc05\"><\/path><path d=\"M256 113.86c34.65 0 65.76 11.91 90.22 35.29l67.69-67.69C373.03 43.39 319.61 20 256 20c-92.25 0-172.07 52.89-210.9 130.01l78.85 61.15c18.56-55.78 70.59-97.3 132.05-97.3z\" \r\n\t\t\tfill=\"#ea4335\"><\/path><path d=\"M20 20h472v472H20V20z\"><\/path><\/g><\/svg><\/a><\/div><\/div><\/div><\/div><style>#wprev-slider-3 .wprev_preview_bradius_T1 {border-radius: 0px;}#wprev-slider-3 .wprev_preview_bg1_T1::after{ border-top: 30px solid ; }<\/style><style><\/style><div class=\"wprev-slider revnotsameheight\" id=\"wprev-slider-3\" data-revsameheight=\"no\" data-onemobil=\"\" data-sliderautoplay=\"\"  data-slidespeed=\"1\" data-slideautodelay=\"5\" data-sliderhideprevnext=\"\" data-sliderhidedots=\"\" data-sliderfixedheight=\"\"><ul><li>\t\t<div class=\"wprevpro_t1_outer_div w3_wprs-row-padding\">\r\n\t\t\t\t<div class=\"wprevpro_t1_DIV_1 w3_wprs-col l12\">\r\n\t\t\t<div class=\"indrevdiv wprevpro_t1_DIV_2 wprev_preview_bg1_T1 wprev_preview_tcolor1_T1 wprev_preview_bradius_T1\">\r\n\t\t\t\t<p class=\"wprevpro_t1_P_3 wprev_preview_tcolor1_T1\">\r\n\t\t\t\t\t<span class=\"wprevpro_star_imgs_T1\"><span class=\"starloc1 wprevpro_star_imgs wprevpro_star_imgsloc1\"><span class=\"svgicons svg-wprsp-star\"><\/span><span class=\"svgicons svg-wprsp-star\"><\/span><span class=\"svgicons svg-wprsp-star\"><\/span><span class=\"svgicons svg-wprsp-star\"><\/span><span class=\"svgicons svg-wprsp-star\"><\/span><\/span><\/span><span class=\"verifiedloc1 wprevpro_verified_svg wprevtooltip\" data-wprevtooltip=\"Verified on Google\"><span class=\"svgicons svg-wprsp-verified\"><\/span><\/span>J\u00f3 fej ez a krapek.\ud83d\udc4d\ud83d\udc4d\ud83d\udc4d\t\t\t\t<\/p>\r\n\t\t\t\t<div class=\"wprev_media_div 1\"><a data-fslightbox=\"wprevgallery1\" class=\"wprev_media_img_a notyoutu\" href=\"https:\/\/dulicsekautosiskola.hu\/wp-content\/uploads\/wp-google-reviews\/images\/review-image-69c503da24f1c-0.jpg\" ><img decoding=\"async\" src=\"https:\/\/dulicsekautosiskola.hu\/wp-content\/uploads\/wp-google-reviews\/images\/review-image-69c503da24f1c-0.jpg\" class=\"wprev_media_img\"  alt=\"media thumbnail 0\"><\/a><\/div>\t\t\t\t<img decoding=\"async\" src=\"https:\/\/dulicsekautosiskola.hu\/wp-content\/plugins\/wp-google-places-review-slider\/public\/partials\/imgs\/google_small_icon.png\" alt=\"Google Logo\" class=\"wprevpro_t1_site_logo siteicon sitetype_Google\">\t\t\t<\/div><span class=\"wprevpro_t1_A_8\"><img decoding=\"async\" src=\"https:\/\/lh3.googleusercontent.com\/a-\/ALV-UjWpF-fUR9Ara3CnZl2YD2ad58DgH1eqa32Ug-_6tN7xRVjZA7R1=s64-c-rp-mo-br100\" alt=\"D\u00f3ri Horv\u00e1th Avatar\" class=\"wprevpro_t1_IMG_4\" loading=\"lazy\" \/><\/span> <span class=\"wprevpro_t1_SPAN_5 wprev_preview_tcolor2_T1\">D\u00f3ri Horv\u00e1th<br\/><span class=\"wprev_showdate_T1\">m\u00e1rcius 25, 2026<\/span> <\/span>\r\n\t\t<\/div>\r\n\t\t<\/div>\r\n\t\t<div class=\"wprevpro_t1_outer_div w3_wprs-row-padding\">\r\n\t\t\t\t<div class=\"wprevpro_t1_DIV_1 w3_wprs-col l12\">\r\n\t\t\t<div class=\"indrevdiv wprevpro_t1_DIV_2 wprev_preview_bg1_T1 wprev_preview_tcolor1_T1 wprev_preview_bradius_T1\">\r\n\t\t\t\t<p class=\"wprevpro_t1_P_3 wprev_preview_tcolor1_T1\">\r\n\t\t\t\t\t<span class=\"wprevpro_star_imgs_T1\"><span class=\"starloc1 wprevpro_star_imgs wprevpro_star_imgsloc1\"><span class=\"svgicons svg-wprsp-star\"><\/span><span class=\"svgicons svg-wprsp-star\"><\/span><span class=\"svgicons svg-wprsp-star\"><\/span><span class=\"svgicons svg-wprsp-star\"><\/span><span class=\"svgicons svg-wprsp-star\"><\/span><\/span><\/span><span class=\"verifiedloc1 wprevpro_verified_svg wprevtooltip\" data-wprevtooltip=\"Verified on Google\"><span class=\"svgicons svg-wprsp-verified\"><\/span><\/span>Nem rossz iskola az oktat\u00f3k j\u00f3 fejek az oktat\u00e1s teljes\u00edthet\u0151 k\u00f6sz\u00f6n\u00f6m t\u00fcrelmes munk\u00e1jukat\t\t\t\t<\/p>\r\n\t\t\t\t\t\t\t\t<img decoding=\"async\" src=\"https:\/\/dulicsekautosiskola.hu\/wp-content\/plugins\/wp-google-places-review-slider\/public\/partials\/imgs\/google_small_icon.png\" alt=\"Google Logo\" class=\"wprevpro_t1_site_logo siteicon sitetype_Google\">\t\t\t<\/div><span class=\"wprevpro_t1_A_8\"><img decoding=\"async\" src=\"https:\/\/lh3.googleusercontent.com\/a-\/ALV-UjUy66PMgI96c2XCox2lkstwpFkiBX8hf0AjbvwzKcF1uCQ_g1gp=s64-c-rp-mo-br100\" alt=\"S\u00e0ndor Nyulasi Avatar\" class=\"wprevpro_t1_IMG_4\" loading=\"lazy\" \/><\/span> <span class=\"wprevpro_t1_SPAN_5 wprev_preview_tcolor2_T1\">S\u00e0ndor Nyulasi<br\/><span class=\"wprev_showdate_T1\">febru\u00e1r 3, 2026<\/span> <\/span>\r\n\t\t<\/div>\r\n\t\t<\/div>\r\n<\/li><li class=\"wprevnextslide\">\t\t<div class=\"wprevpro_t1_outer_div w3_wprs-row-padding\">\r\n\t\t\t\t<div class=\"wprevpro_t1_DIV_1 w3_wprs-col l12\">\r\n\t\t\t<div class=\"indrevdiv wprevpro_t1_DIV_2 wprev_preview_bg1_T1 wprev_preview_tcolor1_T1 wprev_preview_bradius_T1\">\r\n\t\t\t\t<p class=\"wprevpro_t1_P_3 wprev_preview_tcolor1_T1\">\r\n\t\t\t\t\t<span class=\"wprevpro_star_imgs_T1\"><span class=\"starloc1 wprevpro_star_imgs wprevpro_star_imgsloc1\"><span class=\"svgicons svg-wprsp-star\"><\/span><span class=\"svgicons svg-wprsp-star\"><\/span><span class=\"svgicons svg-wprsp-star\"><\/span><span class=\"svgicons svg-wprsp-star\"><\/span><span class=\"svgicons svg-wprsp-star\"><\/span><\/span><\/span><span class=\"verifiedloc1 wprevpro_verified_svg wprevtooltip\" data-wprevtooltip=\"Verified on Google\"><span class=\"svgicons svg-wprsp-verified\"><\/span><\/span>Aj\u00e1nlom mindenkinek az aut\u00f3siskol\u00e1t \u00e9s Cs\u00f6ndes Mih\u00e1ly oktat\u00f3t! Els\u0151re siker\u00fclt a forgalmi vizsga!\t\t\t\t<\/p>\r\n\t\t\t\t\t\t\t\t<img decoding=\"async\" src=\"https:\/\/dulicsekautosiskola.hu\/wp-content\/plugins\/wp-google-places-review-slider\/public\/partials\/imgs\/google_small_icon.png\" alt=\"Google Logo\" class=\"wprevpro_t1_site_logo siteicon sitetype_Google\">\t\t\t<\/div><span class=\"wprevpro_t1_A_8\"><img decoding=\"async\" src=\"https:\/\/lh3.googleusercontent.com\/a-\/ALV-UjV91ye734isVo4CPTE0dEpbQC0s984_dimM_2_MCJO2-tz1cfwR=s64-c-rp-mo-br100\" alt=\"Patrik Attila P\u00e1l Avatar\" class=\"wprevpro_t1_IMG_4\" loading=\"lazy\" \/><\/span> <span class=\"wprevpro_t1_SPAN_5 wprev_preview_tcolor2_T1\">Patrik Attila P\u00e1l<br\/><span class=\"wprev_showdate_T1\">m\u00e1rcius 4, 2026<\/span> <\/span>\r\n\t\t<\/div>\r\n\t\t<\/div>\r\n\t\t<div class=\"wprevpro_t1_outer_div w3_wprs-row-padding\">\r\n\t\t\t\t<div class=\"wprevpro_t1_DIV_1 w3_wprs-col l12\">\r\n\t\t\t<div class=\"indrevdiv wprevpro_t1_DIV_2 wprev_preview_bg1_T1 wprev_preview_tcolor1_T1 wprev_preview_bradius_T1\">\r\n\t\t\t\t<p class=\"wprevpro_t1_P_3 wprev_preview_tcolor1_T1\">\r\n\t\t\t\t\t<span class=\"wprevpro_star_imgs_T1\"><span class=\"starloc1 wprevpro_star_imgs wprevpro_star_imgsloc1\"><span class=\"svgicons svg-wprsp-star\"><\/span><span class=\"svgicons svg-wprsp-star\"><\/span><span class=\"svgicons svg-wprsp-star\"><\/span><span class=\"svgicons svg-wprsp-star\"><\/span><span class=\"svgicons svg-wprsp-star\"><\/span><\/span><\/span><span class=\"verifiedloc1 wprevpro_verified_svg wprevtooltip\" data-wprevtooltip=\"Verified on Google\"><span class=\"svgicons svg-wprsp-verified\"><\/span><\/span>\u00c9lveztem\t\t\t\t<\/p>\r\n\t\t\t\t\t\t\t\t<img decoding=\"async\" src=\"https:\/\/dulicsekautosiskola.hu\/wp-content\/plugins\/wp-google-places-review-slider\/public\/partials\/imgs\/google_small_icon.png\" alt=\"Google Logo\" class=\"wprevpro_t1_site_logo siteicon sitetype_Google\">\t\t\t<\/div><span class=\"wprevpro_t1_A_8\"><img decoding=\"async\" src=\"https:\/\/lh3.googleusercontent.com\/a-\/ALV-UjVoQi6COvG6pwviTSAR37PWTfmLiIssxYkRBTCa9xkZxxFHSMEk=s64-c-rp-mo-br100\" alt=\"Rich\u00e1rd Nagy Avatar\" class=\"wprevpro_t1_IMG_4\" loading=\"lazy\" \/><\/span> <span class=\"wprevpro_t1_SPAN_5 wprev_preview_tcolor2_T1\">Rich\u00e1rd Nagy<br\/><span class=\"wprev_showdate_T1\">m\u00e1rcius 25, 2026<\/span> <\/span>\r\n\t\t<\/div>\r\n\t\t<\/div>\r\n<\/li><\/ul><\/div><\/div>\r\n\n\n                                                            <\/div>\n                        <\/div>\n                    <\/div>\n                                        <div class=\"lower-box centred\" style=\"background-image: url(https:\/\/dulicsekautosiskola.hu\/wp-content\/themes\/udrive\/assets\/images\/shape\/shape-100.png);\">\n                        <h5><a href=\"https:\/\/www.google.com\/maps\/place\/Dulicsek+Aut%C3%B3siskola\/@46.713343,19.8518458,17z\/data=!3m1!4b1!4m6!3m5!1s0x4743ebc625a624d3:0xb7f612fc96369dc9!8m2!3d46.713343!4d19.8518458!16s%2Fg%2F11h_9tpy6y?hl=hu&#038;entry=ttu&#038;g_ep=EgoyMDI0MDkyOS4wIKXMDSoASAFQAw%3D%3D\" target=\"_blank\">N\u00e9zd meg t\u00e9rk\u00e9pen!<\/a><\/h5>\n                    <\/div>\n                                    <\/div>\n            <\/div>\n        <\/section>\n        <!-- contact-section end -->\n       \n       \n             \n        \t\t<\/div>\n\t\t\t\t<\/div>\n\t\t\t\t\t<\/div>\n\t\t<\/div>\n\t\t\t\t\t<\/div>\n\t\t<\/section>\n\t\t\t\t<section class=\"elementor-section elementor-top-section elementor-element elementor-element-78f3551 elementor-section-full_width elementor-section-height-default elementor-section-height-default\" data-id=\"78f3551\" data-element_type=\"section\">\n\t\t\t\t\t\t<div class=\"elementor-container elementor-column-gap-default\">\n\t\t\t\t\t<div class=\"elementor-column elementor-col-100 elementor-top-column elementor-element elementor-element-fae35f0\" data-id=\"fae35f0\" data-element_type=\"column\">\n\t\t\t<div class=\"elementor-widget-wrap elementor-element-populated\">\n\t\t\t\t\t\t<div class=\"elementor-element elementor-element-b40c9a6 elementor-widget elementor-widget-udrive_our_branches\" data-id=\"b40c9a6\" data-element_type=\"widget\" data-widget_type=\"udrive_our_branches.default\">\n\t\t\t\t<div class=\"elementor-widget-container\">\n\t\t\t\t\t\n      \n        <!-- location-style-two -->\n        <section class=\"location-style-two\">\n                         <div class=\"shape\">\n                <div class=\"shape-1\"><\/div>\n                <div class=\"shape-2\" style=\"background-image: url(https:\/\/dulicsekautosiskola.hu\/wp-content\/themes\/udrive\/assets\/images\/shape\/shape-101.png);\"><\/div>\n                <div class=\"shape-3 float-bob-x\" style=\"background-image: url(https:\/\/dulicsekautosiskola.hu\/wp-content\/themes\/udrive\/assets\/images\/shape\/shape-6.png);\"><\/div>\n            <\/div>\n                        <div class=\"auto-container\">\n                                <div class=\"sec-title centred\">\n                    <h2>K\u00e9t v\u00e1rosban is megtal\u00e1lhat\u00f3ak vagyunk!<\/h2>                    <p>Kiskunf\u00e9legyh\u00e1za \u00e9s Kecskem\u00e9t<\/p>                <\/div>\n                                <div class=\"row clearfix\">\n                                       <div class=\"col-lg-4 col-md-6 col-sm-12 location-block\">\n                        <div class=\"location-block-one\">\n                            <div class=\"inner-box\">\n                               <h3>Kiskunf\u00e9legyh\u00e1za<\/h3>                               \n                                                                \n\t\t\t\t\t\t\t\t                                <div class=\"google-map\">\n\t\t\t\t\t\t\t\t\t<iframe src=\"https:\/\/maps.google.com\/maps?q=Dulicsek%20Aut%C3%B3siskola&amp;t=&amp;z=16&amp;ie=UTF8&amp;iwloc=&amp;output=embed\" frameborder=\"0\" scrolling=\"no\" style=\"width: 600px; height: 270px;\"><\/iframe>                                <\/div>\n                                                                \n\t\t\t\t\t\t\t\t                                \n                                <div class=\"lower-content\">\n                                                                        <div class=\"single-item\">\n                                        <h6>C\u00edm<\/h6>                                         <p>6100 Kiskunf\u00e9legyh\u00e1za Oskola utca<\/p>                                     <\/div>\n                                                                                                             <div class=\"single-item\">\n                                        <h6>El\u00e9rhet\u0151s\u00e9geink<\/h6>                                        <p><a href=\"tel:+36203204172\">+36203204172<\/a><br \/><a href=\"mailto:dulicsekautosiskola@gmail.com\">dulicsekautosiskola@gmail.com<\/a><\/p>                                     <\/div>\n                                                                    <\/div>\n                            <\/div>\n                        <\/div>\n                    <\/div>\n                                        <div class=\"col-lg-4 col-md-6 col-sm-12 location-block\">\n                        <div class=\"location-block-one\">\n                            <div class=\"inner-box\">\n                               <h3>Kecskem\u00e9t<\/h3>                               \n                                                                \n\t\t\t\t\t\t\t\t                                <div class=\"google-map\">\n\t\t\t\t\t\t\t\t\t<iframe src=\"https:\/\/maps.google.com\/maps?q=Dulicsek%20Aut%C3%B3siskola%20Kecskem%C3%A9t&amp;t=&amp;z=15&amp;ie=UTF8&amp;iwloc=&amp;output=embed\" frameborder=\"0\" scrolling=\"no\" style=\"width: 600px; height: 270px;\"><\/iframe>                                <\/div>\n                                                                \n\t\t\t\t\t\t\t\t                                \n                                <div class=\"lower-content\">\n                                                                        <div class=\"single-item\">\n                                        <h6>C\u00edm<\/h6>                                         <p>6000 Kecskem\u00e9t Csongr\u00e1di utca 5.<\/p>                                     <\/div>\n                                                                                                             <div class=\"single-item\">\n                                        <h6>El\u00e9rhet\u0151s\u00e9geink<\/h6>                                        <p><a href=\"tel:+36203204172\">+36203204172<\/a><br \/><a href=\"mailto:dulicsekautosiskola@gmail.com\">dulicsekautosiskola@gmail.com<\/a><\/p>                                     <\/div>\n                                                                    <\/div>\n                            <\/div>\n                        <\/div>\n                    <\/div>\n                                    <\/div>\n            <\/div>\n        <\/section>\n        <!-- location-style-two end -->\n      \n       \n             \n        \t\t<\/div>\n\t\t\t\t<\/div>\n\t\t\t\t\t<\/div>\n\t\t<\/div>\n\t\t\t\t\t<\/div>\n\t\t<\/section>\n\t\t\t\t<\/div>\n\t\t","protected":false},"excerpt":{"rendered":"<p>Kiskunf\u00e9legyh\u00e1za Oskola u. Nyitvatart\u00e1s: H-P: 8-16 \u00f3ra Kecskem\u00e9t Csongr\u00e1di utca 5. Nyitvatart\u00e1s: H-SZ-P: 13-17 \u00f3ra El\u00e9rhet\u0151s\u00e9geink: Irod\u00e1inkban szem\u00e9lyesen vagy telefonon: +36203204172 illetve emailben: dulicsekautosiskola@gmail.com K\u00f6vess minket a k\u00f6z\u00f6ss\u00e9gi m\u00e9di\u00e1ban is! Megtal\u00e1lhat\u00f3ak vagyunk Facebook-on, Instagram-on, Youtube-on \u00e9s TikTok-on is! 4.5Based on 46 reviewsReview us on Nagyon j\u00f3 iskola!! Nagyon seg\u00edt\u0151k\u00e8szek \u00e8s kedvesek voltak minden esetben. G\u00e1l [&hellip;]<\/p>\n","protected":false},"author":1,"featured_media":0,"parent":0,"menu_order":0,"comment_status":"closed","ping_status":"closed","template":"tpl-default-elementor.php","meta":{"footnotes":""},"class_list":["post-566","page","type-page","status-publish","hentry"],"_links":{"self":[{"href":"https:\/\/dulicsekautosiskola.hu\/index.php\/wp-json\/wp\/v2\/pages\/566","targetHints":{"allow":["GET"]}}],"collection":[{"href":"https:\/\/dulicsekautosiskola.hu\/index.php\/wp-json\/wp\/v2\/pages"}],"about":[{"href":"https:\/\/dulicsekautosiskola.hu\/index.php\/wp-json\/wp\/v2\/types\/page"}],"author":[{"embeddable":true,"href":"https:\/\/dulicsekautosiskola.hu\/index.php\/wp-json\/wp\/v2\/users\/1"}],"replies":[{"embeddable":true,"href":"https:\/\/dulicsekautosiskola.hu\/index.php\/wp-json\/wp\/v2\/comments?post=566"}],"version-history":[{"count":32,"href":"https:\/\/dulicsekautosiskola.hu\/index.php\/wp-json\/wp\/v2\/pages\/566\/revisions"}],"predecessor-version":[{"id":1760,"href":"https:\/\/dulicsekautosiskola.hu\/index.php\/wp-json\/wp\/v2\/pages\/566\/revisions\/1760"}],"wp:attachment":[{"href":"https:\/\/dulicsekautosiskola.hu\/index.php\/wp-json\/wp\/v2\/media?parent=566"}],"curies":[{"name":"wp","href":"https:\/\/api.w.org\/{rel}","templated":true}]}}