{"id":539,"date":"2022-06-02T12:57:09","date_gmt":"2022-06-02T12:57:09","guid":{"rendered":"http:\/\/fastwpdemo.com\/newwp\/udrive\/?page_id=539"},"modified":"2026-02-08T10:11:23","modified_gmt":"2026-02-08T10:11:23","slug":"e-learning","status":"publish","type":"page","link":"https:\/\/dulicsekautosiskola.hu\/index.php\/e-learning\/","title":{"rendered":"E-Learning"},"content":{"rendered":"\t\t<div data-elementor-type=\"wp-page\" data-elementor-id=\"539\" class=\"elementor elementor-539\" data-elementor-post-type=\"page\">\n\t\t\t\t\t\t<section class=\"elementor-section elementor-top-section elementor-element elementor-element-e80e37f elementor-section-full_width elementor-section-height-default elementor-section-height-default\" data-id=\"e80e37f\" data-element_type=\"section\">\n\t\t\t\t\t\t<div class=\"elementor-container elementor-column-gap-default\">\n\t\t\t\t\t<div class=\"elementor-column elementor-col-100 elementor-top-column elementor-element elementor-element-8389ca6\" data-id=\"8389ca6\" data-element_type=\"column\">\n\t\t\t<div class=\"elementor-widget-wrap elementor-element-populated\">\n\t\t\t\t\t\t<div class=\"elementor-element elementor-element-a46bb9d elementor-widget elementor-widget-udrive_about_us_v4\" data-id=\"a46bb9d\" data-element_type=\"widget\" data-widget_type=\"udrive_about_us_v4.default\">\n\t\t\t\t<div class=\"elementor-widget-container\">\n\t\t\t\t\t\n        <!-- about-style-four -->\n        <section class=\"about-style-four\">\n            <div class=\"auto-container\">\n                <div class=\"row clearfix\">\n                    <div class=\"col-lg-8 col-md-12 col-sm-12 image-column\">\n                        <div class=\"image-box\">\n                                                        <span class=\"big-text\">Rugalmas<\/span>\n                                                                                    <figure class=\"image\"><img decoding=\"async\" src=\"https:\/\/dulicsekautosiskola.hu\/wp-content\/uploads\/2025\/02\/notebooks-scaled.jpg\" alt=\"Awesome Image\"><\/figure>\n                        \t                        <\/div>\n                    <\/div>\n                    <div class=\"col-lg-4 col-md-12 col-sm-12 content-column\">\n                        <div class=\"content-box\">\n                            <div class=\"sec-title\">\n                                <h2>Az E-learning k\u00e9pz\u00e9s egy t\u00e1voktat\u00e1si forma,<br> amely nincs helyhez k\u00f6tve.<\/h2>                                                                <a href=\"https:\/\/dulicsekautosiskola.hu\/index.php\/contact\/\" class=\"theme-btn btn-five\">Jelentkezz <br>irod\u00e1nkban<\/a>\n                                                            <\/div>\n                            <div class=\"inner-box\">\n                                                                <div class=\"text\">\n                                    <p>Az e-learning tanfolyamot olyanoknak aj\u00e1nljuk, akiknek nincs lehet\u0151s\u00e9ge szem\u00e9lyesen r\u00e9szt venni az elm\u00e9leti k\u00e9pz\u00e9seken, ellenben szeretn\u00e9nek \u201eB\u201d kateg\u00f3ri\u00e1s jogos\u00edtv\u00e1nyt szerezni \u00fagy, hogy mindek\u00f6zben megfelel\u0151en elsaj\u00e1t\u00edtj\u00e1k az ehhez sz\u00fcks\u00e9ges minden tud\u00e1sanyagot. <\/p>\n                                <\/div>\n                                                                <div class=\"inner\">\n                                                                       <div class=\"single-item\">\n                                        <div class=\"icon-box\"><i class=\"flaticon-right-arrow-1\"><\/i><\/div>\n                                        <h4>Rugalmas id\u0151beoszt\u00e1s<\/h4>\n                                        <p>\u00d6n\u00e1ll\u00f3an, saj\u00e1t id\u0151beoszt\u00e1ssal lehet haladni a tanul\u00e1ssal \u00e9s azt b\u00e1rmikor meg lehet szak\u00edtani, azt\u00e1n k\u00e9s\u0151bb tov\u00e1bb folytatni.<\/p>\n                                    <\/div>\n                                                                       <div class=\"single-item\">\n                                        <div class=\"icon-box\"><i class=\"flaticon-right-arrow-1\"><\/i><\/div>\n                                        <h4>On-line<\/h4>\n                                        <p>B\u00e1rmikor, b\u00e1rhonnan elv\u00e9gezhet\u0151, csak sz\u00e1m\u00edt\u00f3g\u00e9p, laptop, tablet \u00e9s internetkapcsolat sz\u00fcks\u00e9ges hozz\u00e1. <\/p>\n                                    <\/div>\n                                                                   <\/div>\n                            <\/div>\n                        <\/div>\n                    <\/div>\n                <\/div>\n            <\/div>\n        <\/section>\n        <!-- about-style-four end -->\n\n       \n        \n  \n        \t\t<\/div>\n\t\t\t\t<\/div>\n\t\t\t\t\t<\/div>\n\t\t<\/div>\n\t\t\t\t\t<\/div>\n\t\t<\/section>\n\t\t\t\t<\/div>\n\t\t","protected":false},"excerpt":{"rendered":"<p>Rugalmas Az E-learning k\u00e9pz\u00e9s egy t\u00e1voktat\u00e1si forma, amely nincs helyhez k\u00f6tve. Jelentkezz irod\u00e1nkban Az e-learning tanfolyamot olyanoknak aj\u00e1nljuk, akiknek nincs lehet\u0151s\u00e9ge szem\u00e9lyesen r\u00e9szt venni az elm\u00e9leti k\u00e9pz\u00e9seken, ellenben szeretn\u00e9nek \u201eB\u201d kateg\u00f3ri\u00e1s jogos\u00edtv\u00e1nyt szerezni \u00fagy, hogy mindek\u00f6zben megfelel\u0151en elsaj\u00e1t\u00edtj\u00e1k az ehhez sz\u00fcks\u00e9ges minden tud\u00e1sanyagot. Rugalmas id\u0151beoszt\u00e1s \u00d6n\u00e1ll\u00f3an, saj\u00e1t id\u0151beoszt\u00e1ssal lehet haladni a tanul\u00e1ssal \u00e9s azt b\u00e1rmikor [&hellip;]<\/p>\n","protected":false},"author":1,"featured_media":0,"parent":0,"menu_order":0,"comment_status":"closed","ping_status":"closed","template":"tpl-default-elementor.php","meta":{"footnotes":""},"class_list":["post-539","page","type-page","status-publish","hentry"],"_links":{"self":[{"href":"https:\/\/dulicsekautosiskola.hu\/index.php\/wp-json\/wp\/v2\/pages\/539","targetHints":{"allow":["GET"]}}],"collection":[{"href":"https:\/\/dulicsekautosiskola.hu\/index.php\/wp-json\/wp\/v2\/pages"}],"about":[{"href":"https:\/\/dulicsekautosiskola.hu\/index.php\/wp-json\/wp\/v2\/types\/page"}],"author":[{"embeddable":true,"href":"https:\/\/dulicsekautosiskola.hu\/index.php\/wp-json\/wp\/v2\/users\/1"}],"replies":[{"embeddable":true,"href":"https:\/\/dulicsekautosiskola.hu\/index.php\/wp-json\/wp\/v2\/comments?post=539"}],"version-history":[{"count":20,"href":"https:\/\/dulicsekautosiskola.hu\/index.php\/wp-json\/wp\/v2\/pages\/539\/revisions"}],"predecessor-version":[{"id":1671,"href":"https:\/\/dulicsekautosiskola.hu\/index.php\/wp-json\/wp\/v2\/pages\/539\/revisions\/1671"}],"wp:attachment":[{"href":"https:\/\/dulicsekautosiskola.hu\/index.php\/wp-json\/wp\/v2\/media?parent=539"}],"curies":[{"name":"wp","href":"https:\/\/api.w.org\/{rel}","templated":true}]}}