{"id":537,"date":"2022-06-02T12:56:19","date_gmt":"2022-06-02T12:56:19","guid":{"rendered":"http:\/\/fastwpdemo.com\/newwp\/udrive\/?page_id=537"},"modified":"2026-03-17T07:49:23","modified_gmt":"2026-03-17T07:49:23","slug":"modern-course","status":"publish","type":"page","link":"https:\/\/dulicsekautosiskola.hu\/index.php\/modern-course\/","title":{"rendered":"Tantermi k\u00e9pz\u00e9s"},"content":{"rendered":"\t\t<div data-elementor-type=\"wp-page\" data-elementor-id=\"537\" class=\"elementor elementor-537\" data-elementor-post-type=\"page\">\n\t\t\t\t\t\t<section class=\"elementor-section elementor-top-section elementor-element elementor-element-056cb07 elementor-section-full_width elementor-section-height-default elementor-section-height-default\" data-id=\"056cb07\" data-element_type=\"section\">\n\t\t\t\t\t\t<div class=\"elementor-container elementor-column-gap-default\">\n\t\t\t\t\t<div class=\"elementor-column elementor-col-100 elementor-top-column elementor-element elementor-element-c514745\" data-id=\"c514745\" data-element_type=\"column\">\n\t\t\t<div class=\"elementor-widget-wrap elementor-element-populated\">\n\t\t\t\t\t\t<div class=\"elementor-element elementor-element-d744e42 elementor-widget elementor-widget-udrive_about_us_v4\" data-id=\"d744e42\" data-element_type=\"widget\" data-widget_type=\"udrive_about_us_v4.default\">\n\t\t\t\t<div class=\"elementor-widget-container\">\n\t\t\t\t\t\n        <!-- about-style-four -->\n        <section class=\"about-style-four\">\n            <div class=\"auto-container\">\n                <div class=\"row clearfix\">\n                    <div class=\"col-lg-8 col-md-12 col-sm-12 image-column\">\n                        <div class=\"image-box\">\n                                                        <span class=\"big-text\">Tantermi<\/span>\n                                                                                    <figure class=\"image\"><img decoding=\"async\" src=\"https:\/\/dulicsekautosiskola.hu\/wp-content\/uploads\/2022\/06\/courses-7.jpg\" alt=\"Awesome Image\"><\/figure>\n                        \t                        <\/div>\n                    <\/div>\n                    <div class=\"col-lg-4 col-md-12 col-sm-12 content-column\">\n                        <div class=\"content-box\">\n                            <div class=\"sec-title\">\n                                <h2>Tantermi oktat\u00e1s  <br>  a hat\u00e9konyabb felk\u00e9sz\u00fcl\u00e9s \u00e9rdek\u00e9ben!<\/h2>                                                                <a href=\"#\" class=\"theme-btn btn-five\">\u00c1ra: 80000 FT<\/a>\n                                                            <\/div>\n                            <div class=\"inner-box\">\n                                                                <div class=\"text\">\n                                    <p>A tantermi tanfolyamon a hallgat\u00f3k tudnak k\u00e9rdezni, az adott szitu\u00e1ci\u00f3k feldolgoz\u00e1sa pedig a t\u00f6bbi r\u00e9sztvev\u0151 sz\u00e1m\u00e1ra is hasznos inform\u00e1ci\u00f3t adnak.<\/p>\n                                <\/div>\n                                                                <div class=\"inner\">\n                                                                       <div class=\"single-item\">\n                                        <div class=\"icon-box\"><i class=\"flaticon-right-arrow-1\"><\/i><\/div>\n                                        <h4>Kisz\u00e1m\u00edthat\u00f3 tanrend<\/h4>\n                                        <p>A megadott alkalmakon tartott tanfolyam k\u00f6nnyebb a k\u00f6nnyebb id\u0151beoszt\u00e1s \u00e9rdek\u00e9ben<\/p>\n                                    <\/div>\n                                                                       <div class=\"single-item\">\n                                        <div class=\"icon-box\"><i class=\"flaticon-right-arrow-1\"><\/i><\/div>\n                                        <h4>Felk\u00e9sz\u00fclt oktat\u00f3k<\/h4>\n                                        <p>Ak\u00e1r k\u00f6zleked\u00e9sismereti, ak\u00e1r vezet\u00e9stechnikai k\u00e9rd\u00e9s kapcs\u00e1n<\/p>\n                                    <\/div>\n                                                                       <div class=\"single-item\">\n                                        <div class=\"icon-box\"><i class=\"flaticon-right-arrow-1\"><\/i><\/div>\n                                        <h4>M\u0171szaki el\u0151ad\u00e1s<\/h4>\n                                        <p>Betekint\u00e9s a j\u00f6v\u0151 technol\u00f3gi\u00e1iba<\/p>\n                                    <\/div>\n                                                                   <\/div>\n                            <\/div>\n                        <\/div>\n                    <\/div>\n                <\/div>\n            <\/div>\n        <\/section>\n        <!-- about-style-four end -->\n\n       \n        \n  \n        \t\t<\/div>\n\t\t\t\t<\/div>\n\t\t\t\t<div class=\"elementor-element elementor-element-f512583 elementor-widget elementor-widget-udrive_our_history\" data-id=\"f512583\" data-element_type=\"widget\" data-widget_type=\"udrive_our_history.default\">\n\t\t\t\t<div class=\"elementor-widget-container\">\n\t\t\t\t\t\n       \n       <!-- history-section -->\n        <section class=\"history-section\">\n                        <div class=\"shape\" style=\"background-image: url(https:\/\/dulicsekautosiskola.hu\/wp-content\/themes\/udrive\/assets\/images\/shape\/shape-75.png);\"><\/div>\n                        <div class=\"auto-container\">\n                <div class=\"row clearfix\">\n                    <div class=\"col-lg-6 col-md-12 col-sm-12 content-column\">\n                        <div class=\"content-box\">\n                            <div class=\"history-slide\">\n                                                                <div class=\"single-item\">\n                                    <figure class=\"image-box\"><img decoding=\"async\" src=\"https:\/\/dulicsekautosiskola.hu\/wp-content\/uploads\/2022\/06\/news-28.jpg\" alt=\"Awesome Image\"><\/figure>\n                                    <div class=\"inner\">\n                                        <h2>2026. \u00e1prilis 14. 16 \u00f3ra<\/h2>\n                                        <h4>Kiskunf\u00e9legyh\u00e1za, Oskola utca<\/h4>\n                                        <p><\/p>\n                                    <\/div>\n                                <\/div>\n                                                            <\/div>\n                                                    <\/div>\n                    <\/div>\n                    <div class=\"col-lg-6 col-md-12 col-sm-12 image-column\">\n                                            <\/div>\n                <\/div>\n            <\/div>\n        <\/section>\n        <!-- history-section end -->\n       \n  \n        \t\t<\/div>\n\t\t\t\t<\/div>\n\t\t\t\t\t<\/div>\n\t\t<\/div>\n\t\t\t\t\t<\/div>\n\t\t<\/section>\n\t\t<div class=\"elementor-element elementor-element-d5d97bc e-flex e-con-boxed e-con e-parent\" data-id=\"d5d97bc\" data-element_type=\"container\">\n\t\t\t\t\t<div class=\"e-con-inner\">\n\t\t\t\t<div class=\"elementor-element elementor-element-cf6a0dc elementor-countdown--label-block elementor-widget elementor-widget-countdown\" data-id=\"cf6a0dc\" data-element_type=\"widget\" data-widget_type=\"countdown.default\">\n\t\t\t\t<div class=\"elementor-widget-container\">\n\t\t\t\t\t<div class=\"elementor-countdown-wrapper\" data-date=\"1776182400\">\n\t\t\t<div class=\"elementor-countdown-item\"><span class=\"elementor-countdown-digits elementor-countdown-days\"><\/span> <span class=\"elementor-countdown-label\">Nap<\/span><\/div><div class=\"elementor-countdown-item\"><span class=\"elementor-countdown-digits elementor-countdown-hours\"><\/span> <span class=\"elementor-countdown-label\">\u00d3ra<\/span><\/div><div class=\"elementor-countdown-item\"><span class=\"elementor-countdown-digits elementor-countdown-minutes\"><\/span> <span class=\"elementor-countdown-label\">Perc<\/span><\/div><div class=\"elementor-countdown-item\"><span class=\"elementor-countdown-digits elementor-countdown-seconds\"><\/span> <span class=\"elementor-countdown-label\">M\u00e1sodperc<\/span><\/div>\t\t<\/div>\n\t\t\t\t<\/div>\n\t\t\t\t<\/div>\n\t\t\t\t\t<\/div>\n\t\t\t\t<\/div>\n\t\t<div class=\"elementor-element elementor-element-e3c240c e-flex e-con-boxed e-con e-parent\" data-id=\"e3c240c\" data-element_type=\"container\">\n\t\t\t\t\t<div class=\"e-con-inner\">\n\t\t\t\t<div class=\"elementor-element elementor-element-ed15bf0 elementor-widget elementor-widget-image\" data-id=\"ed15bf0\" data-element_type=\"widget\" data-widget_type=\"image.default\">\n\t\t\t\t<div class=\"elementor-widget-container\">\n\t\t\t\t\t\t\t\t\t\t\t\t\t<img fetchpriority=\"high\" decoding=\"async\" width=\"525\" height=\"298\" src=\"https:\/\/dulicsekautosiskola.hu\/wp-content\/uploads\/2026\/02\/Kovi-1024x581.jpg\" class=\"attachment-large size-large wp-image-1727\" alt=\"\" srcset=\"https:\/\/dulicsekautosiskola.hu\/wp-content\/uploads\/2026\/02\/Kovi-1024x581.jpg 1024w, https:\/\/dulicsekautosiskola.hu\/wp-content\/uploads\/2026\/02\/Kovi-300x170.jpg 300w, https:\/\/dulicsekautosiskola.hu\/wp-content\/uploads\/2026\/02\/Kovi-768x435.jpg 768w, https:\/\/dulicsekautosiskola.hu\/wp-content\/uploads\/2026\/02\/Kovi-1536x871.jpg 1536w, https:\/\/dulicsekautosiskola.hu\/wp-content\/uploads\/2026\/02\/Kovi-2048x1161.jpg 2048w\" sizes=\"(max-width: 525px) 100vw, 525px\" \/>\t\t\t\t\t\t\t\t\t\t\t\t\t<\/div>\n\t\t\t\t<\/div>\n\t\t\t\t\t<\/div>\n\t\t\t\t<\/div>\n\t\t\t\t<\/div>\n\t\t","protected":false},"excerpt":{"rendered":"<p>Tantermi Tantermi oktat\u00e1s a hat\u00e9konyabb felk\u00e9sz\u00fcl\u00e9s \u00e9rdek\u00e9ben! \u00c1ra: 80000 FT A tantermi tanfolyamon a hallgat\u00f3k tudnak k\u00e9rdezni, az adott szitu\u00e1ci\u00f3k feldolgoz\u00e1sa pedig a t\u00f6bbi r\u00e9sztvev\u0151 sz\u00e1m\u00e1ra is hasznos inform\u00e1ci\u00f3t adnak. Kisz\u00e1m\u00edthat\u00f3 tanrend A megadott alkalmakon tartott tanfolyam k\u00f6nnyebb a k\u00f6nnyebb id\u0151beoszt\u00e1s \u00e9rdek\u00e9ben Felk\u00e9sz\u00fclt oktat\u00f3k Ak\u00e1r k\u00f6zleked\u00e9sismereti, ak\u00e1r vezet\u00e9stechnikai k\u00e9rd\u00e9s kapcs\u00e1n M\u0171szaki el\u0151ad\u00e1s Betekint\u00e9s a j\u00f6v\u0151 [&hellip;]<\/p>\n","protected":false},"author":1,"featured_media":0,"parent":0,"menu_order":0,"comment_status":"closed","ping_status":"closed","template":"tpl-default-elementor.php","meta":{"footnotes":""},"class_list":["post-537","page","type-page","status-publish","hentry"],"_links":{"self":[{"href":"https:\/\/dulicsekautosiskola.hu\/index.php\/wp-json\/wp\/v2\/pages\/537","targetHints":{"allow":["GET"]}}],"collection":[{"href":"https:\/\/dulicsekautosiskola.hu\/index.php\/wp-json\/wp\/v2\/pages"}],"about":[{"href":"https:\/\/dulicsekautosiskola.hu\/index.php\/wp-json\/wp\/v2\/types\/page"}],"author":[{"embeddable":true,"href":"https:\/\/dulicsekautosiskola.hu\/index.php\/wp-json\/wp\/v2\/users\/1"}],"replies":[{"embeddable":true,"href":"https:\/\/dulicsekautosiskola.hu\/index.php\/wp-json\/wp\/v2\/comments?post=537"}],"version-history":[{"count":62,"href":"https:\/\/dulicsekautosiskola.hu\/index.php\/wp-json\/wp\/v2\/pages\/537\/revisions"}],"predecessor-version":[{"id":1752,"href":"https:\/\/dulicsekautosiskola.hu\/index.php\/wp-json\/wp\/v2\/pages\/537\/revisions\/1752"}],"wp:attachment":[{"href":"https:\/\/dulicsekautosiskola.hu\/index.php\/wp-json\/wp\/v2\/media?parent=537"}],"curies":[{"name":"wp","href":"https:\/\/api.w.org\/{rel}","templated":true}]}}