{"id":535,"date":"2022-06-02T12:55:13","date_gmt":"2022-06-02T12:55:13","guid":{"rendered":"http:\/\/fastwpdemo.com\/newwp\/udrive\/?page_id=535"},"modified":"2025-02-09T13:52:15","modified_gmt":"2025-02-09T13:52:15","slug":"gyik","status":"publish","type":"page","link":"https:\/\/dulicsekautosiskola.hu\/index.php\/gyik\/","title":{"rendered":"Gyakran ism\u00e9telt k\u00e9rd\u00e9sek"},"content":{"rendered":"\t\t<div data-elementor-type=\"wp-page\" data-elementor-id=\"535\" class=\"elementor elementor-535\" data-elementor-post-type=\"page\">\n\t\t\t\t\t\t<section class=\"elementor-section elementor-top-section elementor-element elementor-element-c278b6d elementor-section-full_width elementor-section-height-default elementor-section-height-default\" data-id=\"c278b6d\" data-element_type=\"section\">\n\t\t\t\t\t\t<div class=\"elementor-container elementor-column-gap-default\">\n\t\t\t\t\t<div class=\"elementor-column elementor-col-100 elementor-top-column elementor-element elementor-element-db50d78\" data-id=\"db50d78\" data-element_type=\"column\">\n\t\t\t<div class=\"elementor-widget-wrap elementor-element-populated\">\n\t\t\t\t\t\t<div class=\"elementor-element elementor-element-4f1590a elementor-widget elementor-widget-udrive_our_faqs\" data-id=\"4f1590a\" data-element_type=\"widget\" data-widget_type=\"udrive_our_faqs.default\">\n\t\t\t\t<div class=\"elementor-widget-container\">\n\t\t\t\t\t   \n     \n     \n     \n        <!-- faq-page-section -->\n        <section class=\"faq-page-section\">\n            <div class=\"auto-container\">\n                <div class=\"upper-box\">\n                    <span class=\"big-text\">Jogsi<\/span>                    <div class=\"sec-title\"><h2>Gyakran ism\u00e9telt k\u00e9rd\u00e9sek <\/h2><\/div>                                  <\/div>\n                <div class=\"accordion-inner\">\n                    <ul class=\"accordion-box\">\n                                                <li class=\"accordion block active-block\">\n                            <div class=\"acc-btn active\">\n                                <div class=\"icon-outer\"><\/div>\n                                <h4><span><\/span>Hogyan kezdd el a B kateg\u00f3ri\u00e1s jogos\u00edtv\u00e1nyt?<\/h4>\n                            <\/div>\n                            <div class=\"acc-content current\">\n                                <div class=\"text\">\n                                    <p><span><\/span>\nB kateg\u00f3ria felt\u00e9tele, hogy 16,5 \u00e9let\u00e9vedet bet\u00f6ltsd. - \u00c9rv\u00e9nyes szem\u00e9lyi igazolv\u00e1ny \u00e9s lakc\u00edmk\u00e1rtya - Els\u0151 r\u00e9szlet befizet\u00e9se ( tand\u00edj \u00e9s a vizsgad\u00edj (SZEV) - I. fok\u00fa orvosi alkalmass\u00e1gi igazol\u00e1s ( h\u00e1ziorvosi ) - 2020. m\u00e1rcius 1-t\u00f3l a KRESZ vizsg\u00e1n kell bemutatni a bizony\u00edtv\u00e1nyod eredeti p\u00e9ld\u00e1ny\u00e1t<\/p>\n                                <\/div>\n                            <\/div>\n                        <\/li>\n                                               <li class=\"accordion block \">\n                            <div class=\"acc-btn \">\n                                <div class=\"icon-outer\"><\/div>\n                                <h4><span><\/span>Mikor mehetek forgalmi vizsg\u00e1ra?<\/h4>\n                            <\/div>\n                            <div class=\"acc-content \">\n                                <div class=\"text\">\n                                    <p><span><\/span>\nAmikor felk\u00e9sz\u00fclt\u00e9l, erre ez a legjobb sz\u00f3. A k\u00f6telez\u0151 alap\u00f3r\u00e1k ut\u00e1n m\u00e1r ki tudunk \u00edrni forgalmi vizsg\u00e1ra, ennek felt\u00e9tele, hogy az \u00f3rasz\u00e1mok ut\u00e1n rendezve legyen a gyakorlati \u00f3r\u00e1k d\u00edja, illetve a 11000 FT-os vizsgad\u00edj befizet\u00e9se. Fontos kiemelni, hogy b\u00e1rmennyire is j\u00f3l felk\u00e9sz\u00fcltek az oktat\u00f3ink, tanul\u00f3nk\u00e9nt v\u00e1ltozhat az el\u0151rehalad\u00e1s \u00fcteme \u00e9s fejl\u0151d\u00e9se. \u00c9rdemes folyamatosan egyeztetni oktat\u00f3ddal, hogy mennyire vagy \u00f6n\u00e1ll\u00f3 \u00e9s felk\u00e9sz\u00fclt a vizsg\u00e1ra. Amennyiben m\u00e9g nem javasolt a vizsga, \u00fagy ennek ellen\u00e9re saj\u00e1t felel\u0151ss\u00e9gre k\u00e9rhet\u0151.<\/p>\n                                <\/div>\n                            <\/div>\n                        <\/li>\n                                               <li class=\"accordion block \">\n                            <div class=\"acc-btn \">\n                                <div class=\"icon-outer\"><\/div>\n                                <h4><span><\/span>Mit tehetsz, ha \u00fagy \u00e9rzed megakadt\u00e1l a tanul\u00e1si folyamatban?<\/h4>\n                            <\/div>\n                            <div class=\"acc-content \">\n                                <div class=\"text\">\n                                    <p><span><\/span>B\u00e1rmikor el\u0151fordulhat, hogy \u00fagy \u00e9rzed, mindj\u00e1rt feladod, nincs tov\u00e1bb, ez neked nem fog menni. Sok tanul\u00f3nk \u00e9rzi ezt, a tanul\u00e1si folyamat id\u0151ig\u00e9nyes. Ak\u00e1r elm\u00e9leti, ak\u00e1r gyakorlati a megakad\u00e1s, k\u00e9rj T\u0151l\u00fcnk seg\u00edts\u00e9get.\nHa m\u00e9gis \u00fagy \u00e9rzed, hogy m\u00e1s gyakorlati oktat\u00f3val szeretn\u00e9d folytatni a vezet\u00e9st, erre is van lehet\u0151s\u00e9g, nyugodtan jelezd.\n<\/p>\n                                <\/div>\n                            <\/div>\n                        <\/li>\n                                               <li class=\"accordion block \">\n                            <div class=\"acc-btn \">\n                                <div class=\"icon-outer\"><\/div>\n                                <h4><span><\/span>Hogyan tudok jobban felk\u00e9sz\u00fclni a vizsg\u00e1ra?<\/h4>\n                            <\/div>\n                            <div class=\"acc-content \">\n                                <div class=\"text\">\n                                    <p><span><\/span>\nA vizsgadrukk mindenki \u00e9let\u00e9t v\u00e9gigk\u00eds\u00e9ri.Vannak, akik jobban izgulnak \u00e9s olyanok is, akiknek meg sem kottyan.\nPr\u00f3b\u00e1lj \u00fagy gondolni a vizsg\u00e1ra, hogy elindultok, aut\u00f3ztok a v\u00e1rosban, elt\u00e9vedtek, ez\u00e9rt megfordultok ( ez a megfordul\u00e1si feladat), valahol pedig meg\u00e1llsz ( ez pedig a parkol\u00e1s).\n\nK\u00f6nnyen, laz\u00e1n.\nHa \u00fagy \u00e9rzed seg\u00edt, van lehet\u0151s\u00e9g m\u00e1sik oktat\u00f3t be\u00fcltetni a h\u00e1tad m\u00f6g\u00e9, \u00fagynevezett pr\u00f3bavizsg\u00e1ra is.<\/p>\n                                <\/div>\n                            <\/div>\n                        <\/li>\n                                           <\/ul>\n                <\/div>\n            <\/div>\n        <\/section>\n        <!-- faq-page-section end -->\n     \n             \n        \t\t<\/div>\n\t\t\t\t<\/div>\n\t\t\t\t\t<\/div>\n\t\t<\/div>\n\t\t\t\t\t<\/div>\n\t\t<\/section>\n\t\t\t\t<\/div>\n\t\t","protected":false},"excerpt":{"rendered":"<p>Jogsi Gyakran ism\u00e9telt k\u00e9rd\u00e9sek Hogyan kezdd el a B kateg\u00f3ri\u00e1s jogos\u00edtv\u00e1nyt? B kateg\u00f3ria felt\u00e9tele, hogy 16,5 \u00e9let\u00e9vedet bet\u00f6ltsd. &#8211; \u00c9rv\u00e9nyes szem\u00e9lyi igazolv\u00e1ny \u00e9s lakc\u00edmk\u00e1rtya &#8211; Els\u0151 r\u00e9szlet befizet\u00e9se ( tand\u00edj \u00e9s a vizsgad\u00edj (SZEV) &#8211; I. fok\u00fa orvosi alkalmass\u00e1gi igazol\u00e1s ( h\u00e1ziorvosi ) &#8211; 2020. m\u00e1rcius 1-t\u00f3l a KRESZ vizsg\u00e1n kell bemutatni a bizony\u00edtv\u00e1nyod eredeti [&hellip;]<\/p>\n","protected":false},"author":1,"featured_media":1556,"parent":0,"menu_order":0,"comment_status":"closed","ping_status":"closed","template":"tpl-default-elementor.php","meta":{"footnotes":""},"class_list":["post-535","page","type-page","status-publish","has-post-thumbnail","hentry"],"_links":{"self":[{"href":"https:\/\/dulicsekautosiskola.hu\/index.php\/wp-json\/wp\/v2\/pages\/535","targetHints":{"allow":["GET"]}}],"collection":[{"href":"https:\/\/dulicsekautosiskola.hu\/index.php\/wp-json\/wp\/v2\/pages"}],"about":[{"href":"https:\/\/dulicsekautosiskola.hu\/index.php\/wp-json\/wp\/v2\/types\/page"}],"author":[{"embeddable":true,"href":"https:\/\/dulicsekautosiskola.hu\/index.php\/wp-json\/wp\/v2\/users\/1"}],"replies":[{"embeddable":true,"href":"https:\/\/dulicsekautosiskola.hu\/index.php\/wp-json\/wp\/v2\/comments?post=535"}],"version-history":[{"count":10,"href":"https:\/\/dulicsekautosiskola.hu\/index.php\/wp-json\/wp\/v2\/pages\/535\/revisions"}],"predecessor-version":[{"id":1585,"href":"https:\/\/dulicsekautosiskola.hu\/index.php\/wp-json\/wp\/v2\/pages\/535\/revisions\/1585"}],"wp:featuredmedia":[{"embeddable":true,"href":"https:\/\/dulicsekautosiskola.hu\/index.php\/wp-json\/wp\/v2\/media\/1556"}],"wp:attachment":[{"href":"https:\/\/dulicsekautosiskola.hu\/index.php\/wp-json\/wp\/v2\/media?parent=535"}],"curies":[{"name":"wp","href":"https:\/\/api.w.org\/{rel}","templated":true}]}}