{"id":533,"date":"2022-06-02T12:54:38","date_gmt":"2022-06-02T12:54:38","guid":{"rendered":"http:\/\/fastwpdemo.com\/newwp\/udrive\/?page_id=533"},"modified":"2026-02-08T10:07:14","modified_gmt":"2026-02-08T10:07:14","slug":"araink","status":"publish","type":"page","link":"https:\/\/dulicsekautosiskola.hu\/index.php\/araink\/","title":{"rendered":"\u00c1raink"},"content":{"rendered":"\t\t<div data-elementor-type=\"wp-page\" data-elementor-id=\"533\" class=\"elementor elementor-533\" data-elementor-post-type=\"page\">\n\t\t\t\t\t\t<section class=\"elementor-section elementor-top-section elementor-element elementor-element-8e31c6b elementor-section-full_width elementor-section-height-default elementor-section-height-default\" data-id=\"8e31c6b\" data-element_type=\"section\">\n\t\t\t\t\t\t<div class=\"elementor-container elementor-column-gap-default\">\n\t\t\t\t\t<div class=\"elementor-column elementor-col-100 elementor-top-column elementor-element elementor-element-624a3cc\" data-id=\"624a3cc\" data-element_type=\"column\">\n\t\t\t<div class=\"elementor-widget-wrap elementor-element-populated\">\n\t\t\t\t\t\t<div class=\"elementor-element elementor-element-354fb18 elementor-widget elementor-widget-udrive_pricing_plan\" data-id=\"354fb18\" data-element_type=\"widget\" data-widget_type=\"udrive_pricing_plan.default\">\n\t\t\t\t<div class=\"elementor-widget-container\">\n\t\t\t        \n         <!-- pricing-section -->\n        <div class=\"\">\n            <section class=\"pricing-section\">\n                <div class=\"auto-container\">\n                                        <div class=\"sec-title centred\">\n                        <h2>B kateg\u00f3ria<\/h2>\n                    <\/div>\n                                        <div class=\"row clearfix\">\n                                                <div class=\"col-lg-4 col-md-6 col-sm-12 pricing-block\">\n                            <div class=\"pricing-block-one  wow fadeInUp animated\" data-wow-delay=\"300ms\" data-wow-duration=\"1500ms\">\n                                <div class=\"pricing-table\">\n                                    <div class=\"table-header\">\n                                        <span class=\"popular\">automata<\/span>                                        <h2><span class=\"symble\"><\/span><span class=\"text\"><\/span>11000<span class=\"course\">forint<br>per tan\u00f3ra<\/span><\/h2>                                    <\/div>\n                                    <div class=\"package-box\">\n                                        <h4>K\u00f6lts\u00e9gek<\/h4>                                        <p>K\u00f6telez\u0151 30 \u00f3ra<\/p>                                    <\/div>\n                                    <div class=\"table-content\">\n                                                                                        <ul class=\"feature-list clearfix\">\n                                                                                                    <li>Elm\u00e9leti tand\u00edj<span>80 000 Ft<\/span><\/li>\n                                                                                                     <li>Gyakorlati tand\u00edj<span>330 000 Ft<\/span><\/li>\n                                                                                                     <li>Elm\u00e9leti vizsgad\u00edj<span> 4 600 Ft<\/span><\/li>\n                                                                                                     <li>Gyakorlati vizsgad\u00edj<span>11 000 Ft<\/span><\/li>\n                                                                                                     <li>P\u00f3t\u00f3ra<span>11 000 Ft<\/span><\/li>\n                                                                                                     <li>\u00c1thelyez\u0151s tanul\u00f3 \u00f3rad\u00edj<span>13 000 Ft<\/span><\/li>\n                                                                                                      <\/ul>\n                                                                                                                           <div class=\"btn-box\">\n                                            <a href=\"\" class=\"theme-btn btn-two\">Automata v\u00e1lt\u00f3<\/a>\n                                        <\/div>\n                                                                            <\/div>\n                                <\/div>\n                            <\/div>\n                        <\/div>\n                                                <div class=\"col-lg-4 col-md-6 col-sm-12 pricing-block\">\n                            <div class=\"pricing-block-one active-block wow fadeInUp animated\" data-wow-delay=\"300ms\" data-wow-duration=\"1500ms\">\n                                <div class=\"pricing-table\">\n                                    <div class=\"table-header\">\n                                        <span class=\"popular\">akci\u00f3<\/span>                                        <h2><span class=\"symble\"><\/span><span class=\"text\"><\/span>9000<span class=\"course\">forint<br>per tan\u00f3ra<\/span><\/h2>                                    <\/div>\n                                    <div class=\"package-box\">\n                                        <h4>K\u00f6lts\u00e9gek<\/h4>                                        <p>K\u00f6telez\u0151 30 \u00f3ra<\/p>                                    <\/div>\n                                    <div class=\"table-content\">\n                                                                                        <ul class=\"feature-list clearfix\">\n                                                                                                    <li>Elm\u00e9leti tand\u00edj<span>80 000 Ft<\/span><\/li>\n                                                                                                     <li>Gyakorlati tand\u00edj<span>270 000 Ft<\/span><\/li>\n                                                                                                     <li>Elm\u00e9leti vizsgad\u00edj<span> 4 600 Ft<\/span><\/li>\n                                                                                                     <li>Gyakorlati vizsgad\u00edj<span>11 000 Ft<\/span><\/li>\n                                                                                                     <li>P\u00f3t\u00f3ra<span>9 000 Ft<\/span><\/li>\n                                                                                                     <li>\u00c1thelyez\u0151s tanul\u00f3 \u00f3rad\u00edj<span>10 000 Ft<\/span><\/li>\n                                                                                                      <\/ul>\n                                                                                                                           <div class=\"btn-box\">\n                                            <a href=\"\" class=\"theme-btn btn-two\">Manu\u00e1lis v\u00e1lt\u00f3<\/a>\n                                        <\/div>\n                                                                            <\/div>\n                                <\/div>\n                            <\/div>\n                        <\/div>\n                                                <div class=\"col-lg-4 col-md-6 col-sm-12 pricing-block\">\n                            <div class=\"pricing-block-one  wow fadeInUp animated\" data-wow-delay=\"300ms\" data-wow-duration=\"1500ms\">\n                                <div class=\"pricing-table\">\n                                    <div class=\"table-header\">\n                                                                                                                    <\/div>\n                                    <div class=\"package-box\">\n                                                                                                                    <\/div>\n                                    <div class=\"table-content\">\n                                                                                                                       <\/div>\n                                <\/div>\n                            <\/div>\n                        <\/div>\n                        \t\n                    <\/div>\n                <\/div>\n            <\/section>\n        <\/div>\n        <!-- pricing-section end -->\n       \n       \n       \n\t\t\t\t<\/div>\n\t\t\t\t<\/div>\n\t\t\t\t\t<\/div>\n\t\t<\/div>\n\t\t\t\t\t<\/div>\n\t\t<\/section>\n\t\t<div class=\"elementor-element elementor-element-4aeeb24 e-grid e-con-boxed e-con e-parent\" data-id=\"4aeeb24\" data-element_type=\"container\">\n\t\t\t\t\t<div class=\"e-con-inner\">\n\t\t\t\t<div class=\"elementor-element elementor-element-7100655 elementor-widget elementor-widget-image\" data-id=\"7100655\" data-element_type=\"widget\" data-widget_type=\"image.default\">\n\t\t\t\t<div class=\"elementor-widget-container\">\n\t\t\t\t\t\t\t\t\t\t\t\t\t<img fetchpriority=\"high\" decoding=\"async\" width=\"525\" height=\"656\" src=\"https:\/\/dulicsekautosiskola.hu\/wp-content\/uploads\/2026\/02\/Man-Aut-819x1024.jpg\" class=\"attachment-large size-large wp-image-1659\" alt=\"\" srcset=\"https:\/\/dulicsekautosiskola.hu\/wp-content\/uploads\/2026\/02\/Man-Aut-819x1024.jpg 819w, https:\/\/dulicsekautosiskola.hu\/wp-content\/uploads\/2026\/02\/Man-Aut-240x300.jpg 240w, https:\/\/dulicsekautosiskola.hu\/wp-content\/uploads\/2026\/02\/Man-Aut-768x960.jpg 768w, https:\/\/dulicsekautosiskola.hu\/wp-content\/uploads\/2026\/02\/Man-Aut.jpg 1080w\" sizes=\"(max-width: 525px) 100vw, 525px\" \/>\t\t\t\t\t\t\t\t\t\t\t\t\t<\/div>\n\t\t\t\t<\/div>\n\t\t\t\t\t<\/div>\n\t\t\t\t<\/div>\n\t\t\t\t<\/div>\n\t\t","protected":false},"excerpt":{"rendered":"<p>B kateg\u00f3ria automata 11000forintper tan\u00f3ra K\u00f6lts\u00e9gek K\u00f6telez\u0151 30 \u00f3ra Elm\u00e9leti tand\u00edj80 000 Ft Gyakorlati tand\u00edj330 000 Ft Elm\u00e9leti vizsgad\u00edj 4 600 Ft Gyakorlati vizsgad\u00edj11 000 Ft P\u00f3t\u00f3ra11 000 Ft \u00c1thelyez\u0151s tanul\u00f3 \u00f3rad\u00edj13 000 Ft Automata v\u00e1lt\u00f3 akci\u00f3 9000forintper tan\u00f3ra K\u00f6lts\u00e9gek K\u00f6telez\u0151 30 \u00f3ra Elm\u00e9leti tand\u00edj80 000 Ft Gyakorlati tand\u00edj270 000 Ft Elm\u00e9leti vizsgad\u00edj 4 600 [&hellip;]<\/p>\n","protected":false},"author":1,"featured_media":0,"parent":0,"menu_order":0,"comment_status":"closed","ping_status":"closed","template":"tpl-default-elementor.php","meta":{"footnotes":""},"class_list":["post-533","page","type-page","status-publish","hentry"],"_links":{"self":[{"href":"https:\/\/dulicsekautosiskola.hu\/index.php\/wp-json\/wp\/v2\/pages\/533","targetHints":{"allow":["GET"]}}],"collection":[{"href":"https:\/\/dulicsekautosiskola.hu\/index.php\/wp-json\/wp\/v2\/pages"}],"about":[{"href":"https:\/\/dulicsekautosiskola.hu\/index.php\/wp-json\/wp\/v2\/types\/page"}],"author":[{"embeddable":true,"href":"https:\/\/dulicsekautosiskola.hu\/index.php\/wp-json\/wp\/v2\/users\/1"}],"replies":[{"embeddable":true,"href":"https:\/\/dulicsekautosiskola.hu\/index.php\/wp-json\/wp\/v2\/comments?post=533"}],"version-history":[{"count":34,"href":"https:\/\/dulicsekautosiskola.hu\/index.php\/wp-json\/wp\/v2\/pages\/533\/revisions"}],"predecessor-version":[{"id":1665,"href":"https:\/\/dulicsekautosiskola.hu\/index.php\/wp-json\/wp\/v2\/pages\/533\/revisions\/1665"}],"wp:attachment":[{"href":"https:\/\/dulicsekautosiskola.hu\/index.php\/wp-json\/wp\/v2\/media?parent=533"}],"curies":[{"name":"wp","href":"https:\/\/api.w.org\/{rel}","templated":true}]}}