{"id":1328,"date":"2024-10-01T15:22:02","date_gmt":"2024-10-01T15:22:02","guid":{"rendered":"https:\/\/dulicsekautosiskola.hu\/?page_id=1328"},"modified":"2026-02-01T18:48:23","modified_gmt":"2026-02-01T18:48:23","slug":"ako","status":"publish","type":"page","link":"https:\/\/dulicsekautosiskola.hu\/index.php\/ako\/","title":{"rendered":"\u00c1ltal\u00e1nos k\u00e9pz\u00e9si \u00f3rasz\u00e1m"},"content":{"rendered":"\n<p>\u00c1ltal\u00e1nos k\u00e9pz\u00e9si \u00f3rasz\u00e1m:<br><\/p>\n\n\n\n<figure class=\"wp-block-image size-large\"><img fetchpriority=\"high\" decoding=\"async\" width=\"1024\" height=\"281\" src=\"https:\/\/dulicsekautosiskola.hu\/wp-content\/uploads\/2026\/02\/kep-1024x281.png\" alt=\"\" class=\"wp-image-1643\" srcset=\"https:\/\/dulicsekautosiskola.hu\/wp-content\/uploads\/2026\/02\/kep-1024x281.png 1024w, https:\/\/dulicsekautosiskola.hu\/wp-content\/uploads\/2026\/02\/kep-300x82.png 300w, https:\/\/dulicsekautosiskola.hu\/wp-content\/uploads\/2026\/02\/kep-768x211.png 768w, https:\/\/dulicsekautosiskola.hu\/wp-content\/uploads\/2026\/02\/kep-350x95.png 350w, https:\/\/dulicsekautosiskola.hu\/wp-content\/uploads\/2026\/02\/kep.png 1148w\" sizes=\"(max-width: 1024px) 100vw, 1024px\" \/><\/figure>\n","protected":false},"excerpt":{"rendered":"<p>\u00c1ltal\u00e1nos k\u00e9pz\u00e9si \u00f3rasz\u00e1m:<\/p>\n","protected":false},"author":1,"featured_media":1324,"parent":0,"menu_order":0,"comment_status":"closed","ping_status":"closed","template":"","meta":{"footnotes":""},"class_list":["post-1328","page","type-page","status-publish","has-post-thumbnail","hentry"],"_links":{"self":[{"href":"https:\/\/dulicsekautosiskola.hu\/index.php\/wp-json\/wp\/v2\/pages\/1328","targetHints":{"allow":["GET"]}}],"collection":[{"href":"https:\/\/dulicsekautosiskola.hu\/index.php\/wp-json\/wp\/v2\/pages"}],"about":[{"href":"https:\/\/dulicsekautosiskola.hu\/index.php\/wp-json\/wp\/v2\/types\/page"}],"author":[{"embeddable":true,"href":"https:\/\/dulicsekautosiskola.hu\/index.php\/wp-json\/wp\/v2\/users\/1"}],"replies":[{"embeddable":true,"href":"https:\/\/dulicsekautosiskola.hu\/index.php\/wp-json\/wp\/v2\/comments?post=1328"}],"version-history":[{"count":12,"href":"https:\/\/dulicsekautosiskola.hu\/index.php\/wp-json\/wp\/v2\/pages\/1328\/revisions"}],"predecessor-version":[{"id":1644,"href":"https:\/\/dulicsekautosiskola.hu\/index.php\/wp-json\/wp\/v2\/pages\/1328\/revisions\/1644"}],"wp:featuredmedia":[{"embeddable":true,"href":"https:\/\/dulicsekautosiskola.hu\/index.php\/wp-json\/wp\/v2\/media\/1324"}],"wp:attachment":[{"href":"https:\/\/dulicsekautosiskola.hu\/index.php\/wp-json\/wp\/v2\/media?parent=1328"}],"curies":[{"name":"wp","href":"https:\/\/api.w.org\/{rel}","templated":true}]}}